{"id":20150,"date":"2024-11-15T10:20:38","date_gmt":"2024-11-15T09:20:39","guid":{"rendered":"https:\/\/verpatec.ch\/produkt\/k470-im550x350x310-mm\/"},"modified":"2025-01-10T08:39:03","modified_gmt":"2025-01-10T07:39:03","slug":"k470-im550x350x310-mm","status":"publish","type":"product","link":"https:\/\/verpatec.ch\/fr\/produit\/k470-im550x350x310-mm\/","title":{"rendered":"K470   IM:550x350x310 mm 40678"},"content":{"rendered":"","protected":false},"excerpt":{"rendered":"<p>Description du produit :<\/p>\n<p>Conteneur robuste en aluminium avec joint de couvercle en mousse et coins de gerbage stables. Dimensions ext\u00e9rieures 600 x 400 x 340 mm, volume 60 l, poids 5 kg. Poign\u00e9es ergonomiques \u00e0 ressort et fermetures Comfort \u00e0 longue dur\u00e9e de vie. Indice de protection IP 65 et gaufrage en option. Garantie de 10 ans.<\/p>\n<p>Caract\u00e9ristiques du produit :<\/p>\n<p>Dimensions ext\u00e9rieures (L x l x H) : 600 x 400 x 340 mm<br \/>Volume : 60 l<br \/>Poids : 5 kg<br \/>Mat\u00e9riau : aluminium<br \/>Poign\u00e9es : Poign\u00e9es \u00e0 ressort<br \/>Garantie : 10 ans<\/p>\n","protected":false},"featured_media":20299,"comment_status":"open","ping_status":"closed","template":"","meta":{"inline_featured_image":false},"product_brand":[],"product_cat":[75,78],"product_tag":[],"class_list":{"0":"post-20150","1":"product","2":"type-product","3":"status-publish","4":"has-post-thumbnail","6":"product_cat-conteneurs","7":"product_cat-conteneur-en-aluminium","8":"product_shipping_class-postpaket-2-fr","9":"post-wrapper","11":"first","12":"instock","13":"taxable","14":"shipping-taxable","15":"purchasable","16":"product-type-simple"},"_links":{"self":[{"href":"https:\/\/verpatec.ch\/fr\/wp-json\/wp\/v2\/product\/20150","targetHints":{"allow":["GET"]}}],"collection":[{"href":"https:\/\/verpatec.ch\/fr\/wp-json\/wp\/v2\/product"}],"about":[{"href":"https:\/\/verpatec.ch\/fr\/wp-json\/wp\/v2\/types\/product"}],"replies":[{"embeddable":true,"href":"https:\/\/verpatec.ch\/fr\/wp-json\/wp\/v2\/comments?post=20150"}],"wp:featuredmedia":[{"embeddable":true,"href":"https:\/\/verpatec.ch\/fr\/wp-json\/wp\/v2\/media\/20299"}],"wp:attachment":[{"href":"https:\/\/verpatec.ch\/fr\/wp-json\/wp\/v2\/media?parent=20150"}],"wp:term":[{"taxonomy":"product_brand","embeddable":true,"href":"https:\/\/verpatec.ch\/fr\/wp-json\/wp\/v2\/product_brand?post=20150"},{"taxonomy":"product_cat","embeddable":true,"href":"https:\/\/verpatec.ch\/fr\/wp-json\/wp\/v2\/product_cat?post=20150"},{"taxonomy":"product_tag","embeddable":true,"href":"https:\/\/verpatec.ch\/fr\/wp-json\/wp\/v2\/product_tag?post=20150"}],"curies":[{"name":"wp","href":"https:\/\/api.w.org\/{rel}","templated":true}]}}