{"id":1983,"date":"2022-06-28T10:12:03","date_gmt":"2022-06-28T08:12:06","guid":{"rendered":"https:\/\/verpatec.ch\/produkt\/explorer-5823-b-e-sans-mousse\/"},"modified":"2025-06-25T14:20:08","modified_gmt":"2025-06-25T12:20:08","slug":"explorer-5823-b-e-sans-mousse","status":"publish","type":"product","link":"https:\/\/verpatec.ch\/fr\/produit\/explorer-5823-b-e-sans-mousse\/","title":{"rendered":"Explorer 5823.B E sans mousse"},"content":{"rendered":"","protected":false},"excerpt":{"rendered":"<p>Explorer 50 \/ 5823, sans mousse, noir, avec roulettes et poign\u00e9e t\u00e9lescopique. Dimensions int\u00e9rieures AxBxC (E\/D) : 580x440x220 (160\/60) mm. Dimensions ext\u00e9rieures AxBxC:670x510x262 mm.<\/p>\n","protected":false},"featured_media":3526,"comment_status":"open","ping_status":"closed","template":"","meta":{"inline_featured_image":false},"product_brand":[],"product_cat":[75,79,341],"product_tag":[],"class_list":{"0":"post-1983","1":"product","2":"type-product","3":"status-publish","4":"has-post-thumbnail","6":"product_cat-conteneurs","7":"product_cat-explorer","8":"product_cat-explorer-large-fr","9":"product_shipping_class-postpaket-2-fr","10":"pa_marke-explorer-fr","11":"post-wrapper","13":"first","14":"instock","15":"taxable","16":"shipping-taxable","17":"purchasable","18":"product-type-simple"},"_links":{"self":[{"href":"https:\/\/verpatec.ch\/fr\/wp-json\/wp\/v2\/product\/1983","targetHints":{"allow":["GET"]}}],"collection":[{"href":"https:\/\/verpatec.ch\/fr\/wp-json\/wp\/v2\/product"}],"about":[{"href":"https:\/\/verpatec.ch\/fr\/wp-json\/wp\/v2\/types\/product"}],"replies":[{"embeddable":true,"href":"https:\/\/verpatec.ch\/fr\/wp-json\/wp\/v2\/comments?post=1983"}],"wp:featuredmedia":[{"embeddable":true,"href":"https:\/\/verpatec.ch\/fr\/wp-json\/wp\/v2\/media\/3526"}],"wp:attachment":[{"href":"https:\/\/verpatec.ch\/fr\/wp-json\/wp\/v2\/media?parent=1983"}],"wp:term":[{"taxonomy":"product_brand","embeddable":true,"href":"https:\/\/verpatec.ch\/fr\/wp-json\/wp\/v2\/product_brand?post=1983"},{"taxonomy":"product_cat","embeddable":true,"href":"https:\/\/verpatec.ch\/fr\/wp-json\/wp\/v2\/product_cat?post=1983"},{"taxonomy":"product_tag","embeddable":true,"href":"https:\/\/verpatec.ch\/fr\/wp-json\/wp\/v2\/product_tag?post=1983"}],"curies":[{"name":"wp","href":"https:\/\/api.w.org\/{rel}","templated":true}]}}