{"id":19461,"date":"2024-09-17T08:14:37","date_gmt":"2024-09-17T06:14:38","guid":{"rendered":"https:\/\/verpatec.ch\/produkt\/bandouliere\/"},"modified":"2025-07-25T07:44:07","modified_gmt":"2025-07-25T05:44:07","slug":"bandouliere","status":"publish","type":"product","link":"https:\/\/verpatec.ch\/fr\/produit\/bandouliere\/","title":{"rendered":"Bandouli\u00e8re"},"content":{"rendered":"","protected":false},"excerpt":{"rendered":"<p>bandouli\u00e8re et 2 ferrures. Pour le montage, il est n\u00e9cessaire de percer.<\/p>\n<p>Num\u00e9ro de fabricant : IM-STRAP-S-VER2-E<\/p>\n<p>Convient pour :<br \/>iM2050 Storm Case<br \/>iM2075 Storm Case<br \/>iM2100 Storm Case<br \/>iM2200 Storm Case<br \/>iM2275 Storm Case<br \/>iM2300 Storm Case<br \/>iM2306 Storm Case<br \/>iM2400 Storm Laptop Case<br \/>iM2450 Storm Case<br \/>iM2500 Storm Carry-On Case<br \/>iM2600 Storm Case<br \/>iM2620 Storm Travel Case<br \/>iM2700 Storm Case<br \/>iM3100 Storm Long Case<br \/>iM3200 Storm Long Case<br \/>iM3220 Storm Long Case<br \/>iM3300 Storm Long Case<\/p>\n","protected":false},"featured_media":19465,"comment_status":"open","ping_status":"closed","template":"","meta":{"inline_featured_image":false},"product_brand":[],"product_cat":[221],"product_tag":[],"class_list":{"0":"post-19461","1":"product","2":"type-product","3":"status-publish","4":"has-post-thumbnail","6":"product_cat-peli-accessoires","7":"product_shipping_class-paquet-postal-1","8":"pa_marke-peli-fr","9":"post-wrapper","11":"first","12":"instock","13":"taxable","14":"shipping-taxable","15":"purchasable","16":"product-type-simple"},"_links":{"self":[{"href":"https:\/\/verpatec.ch\/fr\/wp-json\/wp\/v2\/product\/19461","targetHints":{"allow":["GET"]}}],"collection":[{"href":"https:\/\/verpatec.ch\/fr\/wp-json\/wp\/v2\/product"}],"about":[{"href":"https:\/\/verpatec.ch\/fr\/wp-json\/wp\/v2\/types\/product"}],"replies":[{"embeddable":true,"href":"https:\/\/verpatec.ch\/fr\/wp-json\/wp\/v2\/comments?post=19461"}],"wp:featuredmedia":[{"embeddable":true,"href":"https:\/\/verpatec.ch\/fr\/wp-json\/wp\/v2\/media\/19465"}],"wp:attachment":[{"href":"https:\/\/verpatec.ch\/fr\/wp-json\/wp\/v2\/media?parent=19461"}],"wp:term":[{"taxonomy":"product_brand","embeddable":true,"href":"https:\/\/verpatec.ch\/fr\/wp-json\/wp\/v2\/product_brand?post=19461"},{"taxonomy":"product_cat","embeddable":true,"href":"https:\/\/verpatec.ch\/fr\/wp-json\/wp\/v2\/product_cat?post=19461"},{"taxonomy":"product_tag","embeddable":true,"href":"https:\/\/verpatec.ch\/fr\/wp-json\/wp\/v2\/product_tag?post=19461"}],"curies":[{"name":"wp","href":"https:\/\/api.w.org\/{rel}","templated":true}]}}