{"id":19304,"date":"2024-09-11T15:13:43","date_gmt":"2024-09-11T13:13:44","guid":{"rendered":"https:\/\/verpatec.ch\/produkt\/1520-trekpak-bande-de-separation-pour-peli-case-1520-2\/"},"modified":"2024-09-11T15:13:44","modified_gmt":"2024-09-11T13:13:44","slug":"1520-trekpak-bande-de-separation-pour-peli-case-1520-2","status":"publish","type":"product","link":"https:\/\/verpatec.ch\/fr\/produit\/1520-trekpak-bande-de-separation-pour-peli-case-1520-2\/","title":{"rendered":"1520 TrekPak, bande de s\u00e9paration pour PELI\u2122 Case 1520"},"content":{"rendered":"","protected":false},"excerpt":{"rendered":"<p>1520 S\u00e9parateur suppl\u00e9mentaire TrekPak pour kit s\u00e9parateur TrekPak pour PELI\u2122 1520<\/p>\n<p>Num\u00e9ro de fabricant: 015200-5060-110E<\/p>\n","protected":false},"featured_media":19320,"comment_status":"open","ping_status":"closed","template":"","meta":{"inline_featured_image":false},"product_brand":[],"product_cat":[221],"product_tag":[],"class_list":{"0":"post-19304","1":"product","2":"type-product","3":"status-publish","4":"has-post-thumbnail","6":"product_cat-peli-accessoires","7":"product_shipping_class-paquet-postal-1","8":"pa_marke-peli-fr","9":"post-wrapper","11":"first","12":"instock","13":"taxable","14":"shipping-taxable","15":"purchasable","16":"product-type-simple"},"_links":{"self":[{"href":"https:\/\/verpatec.ch\/fr\/wp-json\/wp\/v2\/product\/19304","targetHints":{"allow":["GET"]}}],"collection":[{"href":"https:\/\/verpatec.ch\/fr\/wp-json\/wp\/v2\/product"}],"about":[{"href":"https:\/\/verpatec.ch\/fr\/wp-json\/wp\/v2\/types\/product"}],"replies":[{"embeddable":true,"href":"https:\/\/verpatec.ch\/fr\/wp-json\/wp\/v2\/comments?post=19304"}],"wp:featuredmedia":[{"embeddable":true,"href":"https:\/\/verpatec.ch\/fr\/wp-json\/wp\/v2\/media\/19320"}],"wp:attachment":[{"href":"https:\/\/verpatec.ch\/fr\/wp-json\/wp\/v2\/media?parent=19304"}],"wp:term":[{"taxonomy":"product_brand","embeddable":true,"href":"https:\/\/verpatec.ch\/fr\/wp-json\/wp\/v2\/product_brand?post=19304"},{"taxonomy":"product_cat","embeddable":true,"href":"https:\/\/verpatec.ch\/fr\/wp-json\/wp\/v2\/product_cat?post=19304"},{"taxonomy":"product_tag","embeddable":true,"href":"https:\/\/verpatec.ch\/fr\/wp-json\/wp\/v2\/product_tag?post=19304"}],"curies":[{"name":"wp","href":"https:\/\/api.w.org\/{rel}","templated":true}]}}