{"id":19156,"date":"2024-09-09T17:50:08","date_gmt":"2024-09-09T15:50:10","guid":{"rendered":"https:\/\/verpatec.ch\/produkt\/alveobloc-nt-ab-17100-noir\/"},"modified":"2025-10-23T10:10:29","modified_gmt":"2025-10-23T08:10:29","slug":"alveobloc-nt-ab-17100-noir","status":"publish","type":"product","link":"https:\/\/verpatec.ch\/fr\/produit\/alveobloc-nt-ab-17100-noir\/","title":{"rendered":"Alveobloc NT AB 17100 noir"},"content":{"rendered":"","protected":false},"excerpt":{"rendered":"<p>Dimensions 2000x1200x105 mm, 60Kg\/m3, lamin\u00e9, noir, original (avec peau des deux c\u00f4t\u00e9s)<\/p>\n","protected":false},"featured_media":26021,"comment_status":"open","ping_status":"closed","template":"","meta":{"inline_featured_image":false},"product_brand":[],"product_cat":[285,283],"product_tag":[],"class_list":{"0":"post-19156","1":"product","2":"type-product","3":"status-publish","4":"has-post-thumbnail","6":"product_cat-mousse","7":"product_cat-alveobloc-fr","8":"product_shipping_class-colis-de-camion","9":"pa_marke-verpatec-fr","10":"post-wrapper","12":"first","13":"instock","14":"taxable","15":"shipping-taxable","16":"purchasable","17":"product-type-simple"},"_links":{"self":[{"href":"https:\/\/verpatec.ch\/fr\/wp-json\/wp\/v2\/product\/19156","targetHints":{"allow":["GET"]}}],"collection":[{"href":"https:\/\/verpatec.ch\/fr\/wp-json\/wp\/v2\/product"}],"about":[{"href":"https:\/\/verpatec.ch\/fr\/wp-json\/wp\/v2\/types\/product"}],"replies":[{"embeddable":true,"href":"https:\/\/verpatec.ch\/fr\/wp-json\/wp\/v2\/comments?post=19156"}],"wp:featuredmedia":[{"embeddable":true,"href":"https:\/\/verpatec.ch\/fr\/wp-json\/wp\/v2\/media\/26021"}],"wp:attachment":[{"href":"https:\/\/verpatec.ch\/fr\/wp-json\/wp\/v2\/media?parent=19156"}],"wp:term":[{"taxonomy":"product_brand","embeddable":true,"href":"https:\/\/verpatec.ch\/fr\/wp-json\/wp\/v2\/product_brand?post=19156"},{"taxonomy":"product_cat","embeddable":true,"href":"https:\/\/verpatec.ch\/fr\/wp-json\/wp\/v2\/product_cat?post=19156"},{"taxonomy":"product_tag","embeddable":true,"href":"https:\/\/verpatec.ch\/fr\/wp-json\/wp\/v2\/product_tag?post=19156"}],"curies":[{"name":"wp","href":"https:\/\/api.w.org\/{rel}","templated":true}]}}