{"id":19127,"date":"2024-09-09T17:13:50","date_gmt":"2024-09-09T15:13:52","guid":{"rendered":"https:\/\/verpatec.ch\/produkt\/plaque-de-mousse-stratocell-5\/"},"modified":"2025-12-17T10:44:44","modified_gmt":"2025-12-17T09:44:44","slug":"plaque-de-mousse-stratocell-5","status":"publish","type":"product","link":"https:\/\/verpatec.ch\/fr\/produit\/plaque-de-mousse-stratocell-5\/","title":{"rendered":"Plaque de Mousse Stratocell"},"content":{"rendered":"","protected":false},"excerpt":{"rendered":"<p>Plaque de mousse en Stratocell, dimensions 2000x1200x80mm 30Kg\/m3, blanc, Original, les deux faces avec la peau.<br \/>Tol\u00e9rance \u00e0 l'\u00e9paisseur: 80 - 86 mm<\/p>\n","protected":false},"featured_media":25693,"comment_status":"open","ping_status":"closed","template":"","meta":{"inline_featured_image":false},"product_brand":[],"product_cat":[285,339],"product_tag":[],"class_list":{"0":"post-19127","1":"product","2":"type-product","3":"status-publish","4":"has-post-thumbnail","6":"product_cat-mousse","7":"product_cat-stratocell-fr","8":"product_shipping_class-colis-de-camion","9":"post-wrapper","11":"first","12":"onbackorder","13":"taxable","14":"shipping-taxable","15":"purchasable","16":"product-type-simple"},"_links":{"self":[{"href":"https:\/\/verpatec.ch\/fr\/wp-json\/wp\/v2\/product\/19127","targetHints":{"allow":["GET"]}}],"collection":[{"href":"https:\/\/verpatec.ch\/fr\/wp-json\/wp\/v2\/product"}],"about":[{"href":"https:\/\/verpatec.ch\/fr\/wp-json\/wp\/v2\/types\/product"}],"replies":[{"embeddable":true,"href":"https:\/\/verpatec.ch\/fr\/wp-json\/wp\/v2\/comments?post=19127"}],"wp:featuredmedia":[{"embeddable":true,"href":"https:\/\/verpatec.ch\/fr\/wp-json\/wp\/v2\/media\/25693"}],"wp:attachment":[{"href":"https:\/\/verpatec.ch\/fr\/wp-json\/wp\/v2\/media?parent=19127"}],"wp:term":[{"taxonomy":"product_brand","embeddable":true,"href":"https:\/\/verpatec.ch\/fr\/wp-json\/wp\/v2\/product_brand?post=19127"},{"taxonomy":"product_cat","embeddable":true,"href":"https:\/\/verpatec.ch\/fr\/wp-json\/wp\/v2\/product_cat?post=19127"},{"taxonomy":"product_tag","embeddable":true,"href":"https:\/\/verpatec.ch\/fr\/wp-json\/wp\/v2\/product_tag?post=19127"}],"curies":[{"name":"wp","href":"https:\/\/api.w.org\/{rel}","templated":true}]}}