{"id":19121,"date":"2024-09-09T17:08:51","date_gmt":"2024-09-09T15:08:52","guid":{"rendered":"https:\/\/verpatec.ch\/produkt\/plaque-de-mousse-stratocell-3\/"},"modified":"2025-12-17T10:44:02","modified_gmt":"2025-12-17T09:44:02","slug":"plaque-de-mousse-stratocell-3","status":"publish","type":"product","link":"https:\/\/verpatec.ch\/fr\/produit\/plaque-de-mousse-stratocell-3\/","title":{"rendered":"Plaque de Mousse Stratocell"},"content":{"rendered":"","protected":false},"excerpt":{"rendered":"<p>Plaque de mousse en Stratocell, dimensions 2000x1200x30mm 30Kg\/m3, blanc, Original, les deux faces avec la peau.<br \/>Tol\u00e9rance \u00e0 l'\u00e9paisseur : 30 - 32 mm<\/p>\n<p><\/p>\n","protected":false},"featured_media":25693,"comment_status":"open","ping_status":"closed","template":"","meta":{"inline_featured_image":false},"product_brand":[],"product_cat":[285,339],"product_tag":[],"class_list":{"0":"post-19121","1":"product","2":"type-product","3":"status-publish","4":"has-post-thumbnail","6":"product_cat-mousse","7":"product_cat-stratocell-fr","8":"product_shipping_class-colis-de-camion","9":"pa_marke-verpatec-fr","10":"post-wrapper","12":"first","13":"instock","14":"taxable","15":"shipping-taxable","16":"purchasable","17":"product-type-simple"},"_links":{"self":[{"href":"https:\/\/verpatec.ch\/fr\/wp-json\/wp\/v2\/product\/19121","targetHints":{"allow":["GET"]}}],"collection":[{"href":"https:\/\/verpatec.ch\/fr\/wp-json\/wp\/v2\/product"}],"about":[{"href":"https:\/\/verpatec.ch\/fr\/wp-json\/wp\/v2\/types\/product"}],"replies":[{"embeddable":true,"href":"https:\/\/verpatec.ch\/fr\/wp-json\/wp\/v2\/comments?post=19121"}],"wp:featuredmedia":[{"embeddable":true,"href":"https:\/\/verpatec.ch\/fr\/wp-json\/wp\/v2\/media\/25693"}],"wp:attachment":[{"href":"https:\/\/verpatec.ch\/fr\/wp-json\/wp\/v2\/media?parent=19121"}],"wp:term":[{"taxonomy":"product_brand","embeddable":true,"href":"https:\/\/verpatec.ch\/fr\/wp-json\/wp\/v2\/product_brand?post=19121"},{"taxonomy":"product_cat","embeddable":true,"href":"https:\/\/verpatec.ch\/fr\/wp-json\/wp\/v2\/product_cat?post=19121"},{"taxonomy":"product_tag","embeddable":true,"href":"https:\/\/verpatec.ch\/fr\/wp-json\/wp\/v2\/product_tag?post=19121"}],"curies":[{"name":"wp","href":"https:\/\/api.w.org\/{rel}","templated":true}]}}