{"id":18738,"date":"2024-08-19T09:47:14","date_gmt":"2024-08-19T07:47:15","guid":{"rendered":"https:\/\/verpatec.ch\/produkt\/systeme-declairage-mobile-9490-noir\/"},"modified":"2025-04-28T16:22:31","modified_gmt":"2025-04-28T14:22:31","slug":"systeme-declairage-mobile-9490-noir","status":"publish","type":"product","link":"https:\/\/verpatec.ch\/fr\/produit\/systeme-declairage-mobile-9490-noir\/","title":{"rendered":"Syst\u00e8me d'\u00e9clairage mobile 9490  noir"},"content":{"rendered":"","protected":false},"excerpt":{"rendered":"<p>Syst\u00e8me d'\u00e9clairage mobile 9490 noir<\/p>\n<p>Num\u00e9ro de fabricant: 094900-0000-110E<\/p>\n","protected":false},"featured_media":24608,"comment_status":"open","ping_status":"closed","template":"","meta":{"inline_featured_image":false},"product_brand":[],"product_cat":[94,193],"product_tag":[],"class_list":{"0":"post-18738","1":"product","2":"type-product","3":"status-publish","4":"has-post-thumbnail","6":"product_cat-systemes-declairage-lampes-de-poche","7":"product_cat-systemes-declairage-mobiles","8":"product_shipping_class-postpaket-3-fr","9":"pa_marke-peli-fr","10":"post-wrapper","12":"first","13":"instock","14":"taxable","15":"shipping-taxable","16":"purchasable","17":"product-type-simple"},"_links":{"self":[{"href":"https:\/\/verpatec.ch\/fr\/wp-json\/wp\/v2\/product\/18738","targetHints":{"allow":["GET"]}}],"collection":[{"href":"https:\/\/verpatec.ch\/fr\/wp-json\/wp\/v2\/product"}],"about":[{"href":"https:\/\/verpatec.ch\/fr\/wp-json\/wp\/v2\/types\/product"}],"replies":[{"embeddable":true,"href":"https:\/\/verpatec.ch\/fr\/wp-json\/wp\/v2\/comments?post=18738"}],"wp:featuredmedia":[{"embeddable":true,"href":"https:\/\/verpatec.ch\/fr\/wp-json\/wp\/v2\/media\/24608"}],"wp:attachment":[{"href":"https:\/\/verpatec.ch\/fr\/wp-json\/wp\/v2\/media?parent=18738"}],"wp:term":[{"taxonomy":"product_brand","embeddable":true,"href":"https:\/\/verpatec.ch\/fr\/wp-json\/wp\/v2\/product_brand?post=18738"},{"taxonomy":"product_cat","embeddable":true,"href":"https:\/\/verpatec.ch\/fr\/wp-json\/wp\/v2\/product_cat?post=18738"},{"taxonomy":"product_tag","embeddable":true,"href":"https:\/\/verpatec.ch\/fr\/wp-json\/wp\/v2\/product_tag?post=18738"}],"curies":[{"name":"wp","href":"https:\/\/api.w.org\/{rel}","templated":true}]}}