{"id":17746,"date":"2024-06-05T01:37:08","date_gmt":"2024-06-04T23:37:10","guid":{"rendered":"https:\/\/verpatec.ch\/produkt\/coffre-plastique-extrude-tekno-8\/"},"modified":"2025-05-21T08:38:28","modified_gmt":"2025-05-21T06:38:28","slug":"coffre-plastique-extrude-tekno-8","status":"publish","type":"product","link":"https:\/\/verpatec.ch\/fr\/produit\/coffre-plastique-extrude-tekno-8\/","title":{"rendered":"Malette en plastique Tekno 2007"},"content":{"rendered":"","protected":false},"excerpt":{"rendered":"<p>Tekno 2007 \/ 1.5, gris argent\u00e9 avec des fermetures bleu fonc\u00e9, avec les dimensions int\u00e9rieures de 326x222x76 (38+38) mm<\/p>\n","protected":false},"featured_media":26856,"comment_status":"open","ping_status":"closed","template":"","meta":{"inline_featured_image":false},"product_brand":[],"product_cat":[97,374],"product_tag":[],"class_list":{"0":"post-17746","1":"product","2":"type-product","3":"status-publish","4":"has-post-thumbnail","6":"product_cat-mallettes-en-plastique","7":"product_cat-tekno-fr","8":"product_shipping_class-paquet-postal-1","9":"pa_marke-verpatec-fr","10":"post-wrapper","12":"first","13":"instock","14":"taxable","15":"shipping-taxable","16":"purchasable","17":"product-type-simple"},"_links":{"self":[{"href":"https:\/\/verpatec.ch\/fr\/wp-json\/wp\/v2\/product\/17746","targetHints":{"allow":["GET"]}}],"collection":[{"href":"https:\/\/verpatec.ch\/fr\/wp-json\/wp\/v2\/product"}],"about":[{"href":"https:\/\/verpatec.ch\/fr\/wp-json\/wp\/v2\/types\/product"}],"replies":[{"embeddable":true,"href":"https:\/\/verpatec.ch\/fr\/wp-json\/wp\/v2\/comments?post=17746"}],"wp:featuredmedia":[{"embeddable":true,"href":"https:\/\/verpatec.ch\/fr\/wp-json\/wp\/v2\/media\/26856"}],"wp:attachment":[{"href":"https:\/\/verpatec.ch\/fr\/wp-json\/wp\/v2\/media?parent=17746"}],"wp:term":[{"taxonomy":"product_brand","embeddable":true,"href":"https:\/\/verpatec.ch\/fr\/wp-json\/wp\/v2\/product_brand?post=17746"},{"taxonomy":"product_cat","embeddable":true,"href":"https:\/\/verpatec.ch\/fr\/wp-json\/wp\/v2\/product_cat?post=17746"},{"taxonomy":"product_tag","embeddable":true,"href":"https:\/\/verpatec.ch\/fr\/wp-json\/wp\/v2\/product_tag?post=17746"}],"curies":[{"name":"wp","href":"https:\/\/api.w.org\/{rel}","templated":true}]}}