{"id":17078,"date":"2024-05-19T20:10:42","date_gmt":"2024-05-19T18:10:44","guid":{"rendered":"https:\/\/verpatec.ch\/produkt\/original-peli-tiroir-0450tt-top\/"},"modified":"2025-07-23T10:36:19","modified_gmt":"2025-07-23T08:36:19","slug":"original-peli-tiroir-0450tt-top","status":"publish","type":"product","link":"https:\/\/verpatec.ch\/fr\/produit\/original-peli-tiroir-0450tt-top\/","title":{"rendered":"0450TT Coque sup\u00e9rieure Peli d'origine, 2e g\u00e9n\u00e9ration."},"content":{"rendered":"","protected":false},"excerpt":{"rendered":"<p>0450TT Couvercle du Haut, 2\u00e8me g\u00e9n.<\/p>\n<p>Num\u00e9ro de fabricant : 004500-9240-110E<\/p>\n<p>Convient pour :<br \/>- Peli 0450 Tool Chest<\/p>\n","protected":false},"featured_media":17085,"comment_status":"open","ping_status":"closed","template":"","meta":{"inline_featured_image":false},"product_brand":[],"product_cat":[221],"product_tag":[],"class_list":{"0":"post-17078","1":"product","2":"type-product","3":"status-publish","4":"has-post-thumbnail","6":"product_cat-peli-accessoires","7":"product_shipping_class-paquet-postal-1","8":"pa_marke-peli-fr","9":"post-wrapper","11":"first","12":"instock","13":"taxable","14":"shipping-taxable","15":"purchasable","16":"product-type-simple"},"_links":{"self":[{"href":"https:\/\/verpatec.ch\/fr\/wp-json\/wp\/v2\/product\/17078","targetHints":{"allow":["GET"]}}],"collection":[{"href":"https:\/\/verpatec.ch\/fr\/wp-json\/wp\/v2\/product"}],"about":[{"href":"https:\/\/verpatec.ch\/fr\/wp-json\/wp\/v2\/types\/product"}],"replies":[{"embeddable":true,"href":"https:\/\/verpatec.ch\/fr\/wp-json\/wp\/v2\/comments?post=17078"}],"wp:featuredmedia":[{"embeddable":true,"href":"https:\/\/verpatec.ch\/fr\/wp-json\/wp\/v2\/media\/17085"}],"wp:attachment":[{"href":"https:\/\/verpatec.ch\/fr\/wp-json\/wp\/v2\/media?parent=17078"}],"wp:term":[{"taxonomy":"product_brand","embeddable":true,"href":"https:\/\/verpatec.ch\/fr\/wp-json\/wp\/v2\/product_brand?post=17078"},{"taxonomy":"product_cat","embeddable":true,"href":"https:\/\/verpatec.ch\/fr\/wp-json\/wp\/v2\/product_cat?post=17078"},{"taxonomy":"product_tag","embeddable":true,"href":"https:\/\/verpatec.ch\/fr\/wp-json\/wp\/v2\/product_tag?post=17078"}],"curies":[{"name":"wp","href":"https:\/\/api.w.org\/{rel}","templated":true}]}}