{"id":17038,"date":"2024-05-19T10:47:23","date_gmt":"2024-05-19T08:47:25","guid":{"rendered":"https:\/\/verpatec.ch\/produkt\/peli-0450-b-nf-gen2-mallette-a-outils-7-tiroirs\/"},"modified":"2025-07-23T10:35:50","modified_gmt":"2025-07-23T08:35:50","slug":"peli-0450-b-nf-gen2-mallette-a-outils-7-tiroirs","status":"publish","type":"product","link":"https:\/\/verpatec.ch\/fr\/produit\/peli-0450-b-nf-gen2-mallette-a-outils-7-tiroirs\/","title":{"rendered":"Peli- 0450 B-NF GEN2 Mallette \u00e0 outils (7 tiroirs)"},"content":{"rendered":"","protected":false},"excerpt":{"rendered":"<p>Pelicase Valise coque 0450 B-NF, noire, avec 7 tiroirs, avec roulettes, avec IM : 522x279x321mm.<\/p>\n<p>Nous avons rendu notre bo\u00eete \u00e0 outils mobile la plus robuste encore plus r\u00e9sistante. Gr\u00e2ce au nouveau syst\u00e8me de rails en aluminium, chaque compartiment glisse dans une position s\u00fbre et vous permet d'acc\u00e9der facilement \u00e0 vos outils. Ainsi, les outils peuvent \u00eatre nettoy\u00e9s ou r\u00e9organis\u00e9s sans effort.<br \/>La mallette a \u00e9t\u00e9 test\u00e9e sous l'eau et \u00e0 des temp\u00e9ratures extr\u00eames, et a subi une chute de 1,5 m\u00e8tre. L'int\u00e9rieur de la mallette a \u00e9t\u00e9 prot\u00e9g\u00e9 en permanence. De plus, la poign\u00e9e trolley et les roulettes adapt\u00e9es aux terrains difficiles facilitent le transport\".<\/p>\n<p>G\u00e9n\u00e9ration 2<br \/>Poign\u00e9e de trolley extensible<br \/>Tiroirs amovibles<br \/>Syst\u00e8me de rails de roulement en aluminium<br \/>Poign\u00e9es bidirectionnelles<br \/>Coffre avec 6 tiroirs (6 tiroirs plats et 1 tiroir profond)<br \/>Charni\u00e8res de soutien tr\u00e8s r\u00e9sistantes<br \/>Mobilit\u00e9 stable avec une grande largeur de voie<br \/>Fermetures \u00e0 compression en m\u00e9tal<br \/>Roulettes rempla\u00e7ables sur place<br \/>Valves d'\u00e9quilibrage automatique de la pression<br \/>* Outils non inclus<\/p>\n<p>Num\u00e9ro de fabricant: 004500-0610-110E<\/p>\n","protected":false},"featured_media":17042,"comment_status":"open","ping_status":"closed","template":"","meta":{"inline_featured_image":false},"product_brand":[],"product_cat":[82,230,191],"product_tag":[],"class_list":{"0":"post-17038","1":"product","2":"type-product","3":"status-publish","4":"has-post-thumbnail","6":"product_cat-peli-case-fr","7":"product_cat-peli-cases-medium-de-fr","8":"product_cat-peli-conteneurs-et-mallettes-de-protection","9":"product_shipping_class-postpaket-3-fr","10":"pa_marke-peli-fr","11":"post-wrapper","13":"first","14":"instock","15":"taxable","16":"shipping-taxable","17":"purchasable","18":"product-type-simple"},"_links":{"self":[{"href":"https:\/\/verpatec.ch\/fr\/wp-json\/wp\/v2\/product\/17038","targetHints":{"allow":["GET"]}}],"collection":[{"href":"https:\/\/verpatec.ch\/fr\/wp-json\/wp\/v2\/product"}],"about":[{"href":"https:\/\/verpatec.ch\/fr\/wp-json\/wp\/v2\/types\/product"}],"replies":[{"embeddable":true,"href":"https:\/\/verpatec.ch\/fr\/wp-json\/wp\/v2\/comments?post=17038"}],"wp:featuredmedia":[{"embeddable":true,"href":"https:\/\/verpatec.ch\/fr\/wp-json\/wp\/v2\/media\/17042"}],"wp:attachment":[{"href":"https:\/\/verpatec.ch\/fr\/wp-json\/wp\/v2\/media?parent=17038"}],"wp:term":[{"taxonomy":"product_brand","embeddable":true,"href":"https:\/\/verpatec.ch\/fr\/wp-json\/wp\/v2\/product_brand?post=17038"},{"taxonomy":"product_cat","embeddable":true,"href":"https:\/\/verpatec.ch\/fr\/wp-json\/wp\/v2\/product_cat?post=17038"},{"taxonomy":"product_tag","embeddable":true,"href":"https:\/\/verpatec.ch\/fr\/wp-json\/wp\/v2\/product_tag?post=17038"}],"curies":[{"name":"wp","href":"https:\/\/api.w.org\/{rel}","templated":true}]}}