{"id":16975,"date":"2022-11-14T07:35:51","date_gmt":"2022-11-14T06:35:51","guid":{"rendered":"https:\/\/verpatec.ch\/produkt\/wall-bracket-l\/"},"modified":"2025-12-17T10:49:19","modified_gmt":"2025-12-17T09:49:19","slug":"wall-bracket-l","status":"publish","type":"product","link":"https:\/\/verpatec.ch\/fr\/produit\/wall-bracket-l\/","title":{"rendered":"Wand Halterung"},"content":{"rendered":"","protected":false},"excerpt":{"rendered":"<p>Die metaBOX macht auch im H\u00e4ngen eine perfekte Figur. Einfach den Wandhalter am Platz Ihrer Wahl befestigen, und schon k\u00f6nnen Sie die metaBOX an die Wand h\u00e4ngen.<\/p>\n<p>- Wandhalterung passend f\u00fcr metaBox <br \/>- Komplett aus Stahl gefertigt<br \/>- einfaches anschrauben durch Bohrung<\/p>\n","protected":false},"featured_media":7591,"comment_status":"open","ping_status":"closed","template":"","meta":{"inline_featured_image":false},"product_brand":[],"product_cat":[315],"product_tag":[],"class_list":{"0":"post-16975","1":"product","2":"type-product","3":"status-publish","4":"has-post-thumbnail","6":"product_cat-plaston-accessoires","7":"product_shipping_class-paquet-postal-1","8":"pa_marke-plaston-fr","9":"post-wrapper","11":"first","12":"onbackorder","13":"taxable","14":"shipping-taxable","15":"purchasable","16":"product-type-simple"},"_links":{"self":[{"href":"https:\/\/verpatec.ch\/fr\/wp-json\/wp\/v2\/product\/16975","targetHints":{"allow":["GET"]}}],"collection":[{"href":"https:\/\/verpatec.ch\/fr\/wp-json\/wp\/v2\/product"}],"about":[{"href":"https:\/\/verpatec.ch\/fr\/wp-json\/wp\/v2\/types\/product"}],"replies":[{"embeddable":true,"href":"https:\/\/verpatec.ch\/fr\/wp-json\/wp\/v2\/comments?post=16975"}],"wp:featuredmedia":[{"embeddable":true,"href":"https:\/\/verpatec.ch\/fr\/wp-json\/wp\/v2\/media\/7591"}],"wp:attachment":[{"href":"https:\/\/verpatec.ch\/fr\/wp-json\/wp\/v2\/media?parent=16975"}],"wp:term":[{"taxonomy":"product_brand","embeddable":true,"href":"https:\/\/verpatec.ch\/fr\/wp-json\/wp\/v2\/product_brand?post=16975"},{"taxonomy":"product_cat","embeddable":true,"href":"https:\/\/verpatec.ch\/fr\/wp-json\/wp\/v2\/product_cat?post=16975"},{"taxonomy":"product_tag","embeddable":true,"href":"https:\/\/verpatec.ch\/fr\/wp-json\/wp\/v2\/product_tag?post=16975"}],"curies":[{"name":"wp","href":"https:\/\/api.w.org\/{rel}","templated":true}]}}