{"id":1683,"date":"2022-06-28T09:07:18","date_gmt":"2022-06-28T07:07:21","guid":{"rendered":"https:\/\/verpatec.ch\/produkt\/alucase-30-avec-tissu-dans-le-couvercle\/"},"modified":"2023-07-11T16:34:57","modified_gmt":"2023-07-11T14:34:57","slug":"alucase-30-avec-tissu-dans-le-couvercle","status":"publish","type":"product","link":"https:\/\/verpatec.ch\/fr\/produit\/alucase-30-avec-tissu-dans-le-couvercle\/","title":{"rendered":"Alucase 30 avec tissu dans le couvercle"},"content":{"rendered":"","protected":false},"excerpt":{"rendered":"<p>Valise en aluminium Alucase 30, int\u00e9rieur vide, avec rev\u00eatement textile noir dans le couvercle, 2 supports de couvercle, avec sangle. Dimensions int\u00e9rieures : 400x295x135 (100\/35). Dimensions ext\u00e9rieures : 415x340x145.<\/p>\n<p>Valise \u00e0 coque enti\u00e8rement en aluminium fabriqu\u00e9e \u00e0 l'aide de la technologie moderne d'emboutissage. Une finition parfaite et un \u00e9clat noble font de cette valise un produit de qualit\u00e9 sup\u00e9rieure. Dimensions int\u00e9rieures : 320x235x75 (45\/30) mm. Dimensions ext\u00e9rieures : 335x280x85 mm.<\/p>\n<p>- Deux coques massives en aluminium embouti<\/p>\n<p>- Fermetures chrom\u00e9es rapport\u00e9es<\/p>\n<p>- Rev\u00eatement textile dans le couvercle<\/p>\n<p>Les valises \u00e0 coques en aluminium massif de la s\u00e9rie TOPCASE ont un design extr\u00eamement qualitatif et attrayant. Les valises en aluminium anodis\u00e9 sont dot\u00e9es d'un rev\u00eatement en nylon noir et disposent dans le couvercle d'un porte-documents amovible qui permet d'utiliser cette valise design tout en aluminium comme attach\u00e9-case. Une cloison r\u00e9glable et une sangle dans la partie inf\u00e9rieure permettent de transporter un ordinateur portable en toute s\u00e9curit\u00e9. Ces \u00e9l\u00e9ments peuvent \u00eatre facilement retir\u00e9s pour \u00eatre utilis\u00e9s comme mallette de pr\u00e9sentation.<\/p>\n","protected":false},"featured_media":10083,"comment_status":"open","ping_status":"closed","template":"","meta":{"inline_featured_image":false},"product_brand":[],"product_cat":[181,74],"product_tag":[],"class_list":{"0":"post-1683","1":"product","2":"type-product","3":"status-publish","4":"has-post-thumbnail","6":"product_cat-alucase-fr","7":"product_cat-mallettes-en-aluminium","8":"product_shipping_class-paquet-postal-2","9":"pa_abschliessbar-oui-verrouillable","10":"pa_marke-verpatec-fr","11":"pa_schaumstoff-sans-mousse","12":"post-wrapper","14":"first","15":"instock","16":"taxable","17":"shipping-taxable","18":"purchasable","19":"product-type-simple"},"_links":{"self":[{"href":"https:\/\/verpatec.ch\/fr\/wp-json\/wp\/v2\/product\/1683","targetHints":{"allow":["GET"]}}],"collection":[{"href":"https:\/\/verpatec.ch\/fr\/wp-json\/wp\/v2\/product"}],"about":[{"href":"https:\/\/verpatec.ch\/fr\/wp-json\/wp\/v2\/types\/product"}],"replies":[{"embeddable":true,"href":"https:\/\/verpatec.ch\/fr\/wp-json\/wp\/v2\/comments?post=1683"}],"wp:featuredmedia":[{"embeddable":true,"href":"https:\/\/verpatec.ch\/fr\/wp-json\/wp\/v2\/media\/10083"}],"wp:attachment":[{"href":"https:\/\/verpatec.ch\/fr\/wp-json\/wp\/v2\/media?parent=1683"}],"wp:term":[{"taxonomy":"product_brand","embeddable":true,"href":"https:\/\/verpatec.ch\/fr\/wp-json\/wp\/v2\/product_brand?post=1683"},{"taxonomy":"product_cat","embeddable":true,"href":"https:\/\/verpatec.ch\/fr\/wp-json\/wp\/v2\/product_cat?post=1683"},{"taxonomy":"product_tag","embeddable":true,"href":"https:\/\/verpatec.ch\/fr\/wp-json\/wp\/v2\/product_tag?post=1683"}],"curies":[{"name":"wp","href":"https:\/\/api.w.org\/{rel}","templated":true}]}}