{"id":24833,"date":"2025-11-04T16:32:15","date_gmt":"2025-11-04T15:32:18","guid":{"rendered":"https:\/\/verpatec.ch\/produkt\/9466b-vehicle-charger-12-24v-for-9460b-rs\/"},"modified":"2025-11-04T16:32:18","modified_gmt":"2025-11-04T15:32:18","slug":"9466b-vehicle-charger-12-24v-for-9460b-rs","status":"publish","type":"product","link":"https:\/\/verpatec.ch\/en\/product\/9466b-vehicle-charger-12-24v-for-9460b-rs\/","title":{"rendered":"9466B Vehicle Charger 12-24V for 9460B\/RS"},"content":{"rendered":"","protected":false},"excerpt":{"rendered":"<p>Chargeur 12\/24V avec prise pour voiture, camion ou bateau. Compatible avec :Syst\u00e8me d'\u00e9clairage \u00e0 distance 9460BSyst\u00e8me d'\u00e9clairage \u00e0 distance 9460RS<\/p>\n","protected":false},"featured_media":24838,"comment_status":"open","ping_status":"closed","template":"","meta":{"inline_featured_image":false},"product_brand":[],"product_cat":[102,220,192],"product_tag":[],"class_list":{"0":"post-24833","1":"product","2":"type-product","3":"status-publish","4":"has-post-thumbnail","6":"product_cat-lighting-systems-flashlights","7":"product_cat-peli-cases-accessories-en","8":"product_cat-remote-area-lights","9":"product_shipping_class-postpaket-2-en","10":"post-wrapper","12":"first","13":"onbackorder","14":"taxable","15":"shipping-taxable","16":"purchasable","17":"product-type-simple"},"_links":{"self":[{"href":"https:\/\/verpatec.ch\/en\/wp-json\/wp\/v2\/product\/24833","targetHints":{"allow":["GET"]}}],"collection":[{"href":"https:\/\/verpatec.ch\/en\/wp-json\/wp\/v2\/product"}],"about":[{"href":"https:\/\/verpatec.ch\/en\/wp-json\/wp\/v2\/types\/product"}],"replies":[{"embeddable":true,"href":"https:\/\/verpatec.ch\/en\/wp-json\/wp\/v2\/comments?post=24833"}],"wp:featuredmedia":[{"embeddable":true,"href":"https:\/\/verpatec.ch\/en\/wp-json\/wp\/v2\/media\/24838"}],"wp:attachment":[{"href":"https:\/\/verpatec.ch\/en\/wp-json\/wp\/v2\/media?parent=24833"}],"wp:term":[{"taxonomy":"product_brand","embeddable":true,"href":"https:\/\/verpatec.ch\/en\/wp-json\/wp\/v2\/product_brand?post=24833"},{"taxonomy":"product_cat","embeddable":true,"href":"https:\/\/verpatec.ch\/en\/wp-json\/wp\/v2\/product_cat?post=24833"},{"taxonomy":"product_tag","embeddable":true,"href":"https:\/\/verpatec.ch\/en\/wp-json\/wp\/v2\/product_tag?post=24833"}],"curies":[{"name":"wp","href":"https:\/\/api.w.org\/{rel}","templated":true}]}}