{"id":20236,"date":"2024-11-15T10:24:02","date_gmt":"2024-11-15T09:24:12","guid":{"rendered":"https:\/\/verpatec.ch\/produkt\/zarges-k470-im-1150x350x150mm\/"},"modified":"2025-01-10T08:42:21","modified_gmt":"2025-01-10T07:42:21","slug":"zarges-k470-im-1150x350x150mm","status":"publish","type":"product","link":"https:\/\/verpatec.ch\/en\/product\/zarges-k470-im-1150x350x150mm\/","title":{"rendered":"Zarges K470 IM: 1150x350x150mm 40847"},"content":{"rendered":"","protected":false},"excerpt":{"rendered":"<p>Description du produit :<\/p>\n<p>Long r\u00e9cipient en aluminium de 1.200 x 400 x 180 mm et d'un volume de 60 l, id\u00e9al pour un stockage compact et un transport s\u00fbr. \u00c9quip\u00e9 d'un joint de couvercle en mousse, de poign\u00e9es ergonomiques \u00e0 ressort et de fermetures confort. Indice de protection IP 65 en option. 10 ans de garantie.<\/p>\n<p>Caract\u00e9ristiques du produit :<\/p>\n<p>Dimensions ext\u00e9rieures (L x l x H) : 1.200 x 400 x 180 mm<br \/>Volume : 60 l<br \/>Poids : 7,5 kg<br \/>Mat\u00e9riau : aluminium<br \/>Poign\u00e9es : Poign\u00e9es \u00e0 ressort<br \/>Garantie : 10 ans<\/p>\n","protected":false},"featured_media":20412,"comment_status":"open","ping_status":"closed","template":"","meta":{"inline_featured_image":false},"product_brand":[],"product_cat":[77,76],"product_tag":[],"class_list":{"0":"post-20236","1":"product","2":"type-product","3":"status-publish","4":"has-post-thumbnail","6":"product_cat-aluminum-container","7":"product_cat-container","8":"product_shipping_class-postpaket-2-en","9":"post-wrapper","11":"first","12":"instock","13":"taxable","14":"shipping-taxable","15":"purchasable","16":"product-type-simple"},"_links":{"self":[{"href":"https:\/\/verpatec.ch\/en\/wp-json\/wp\/v2\/product\/20236","targetHints":{"allow":["GET"]}}],"collection":[{"href":"https:\/\/verpatec.ch\/en\/wp-json\/wp\/v2\/product"}],"about":[{"href":"https:\/\/verpatec.ch\/en\/wp-json\/wp\/v2\/types\/product"}],"replies":[{"embeddable":true,"href":"https:\/\/verpatec.ch\/en\/wp-json\/wp\/v2\/comments?post=20236"}],"wp:featuredmedia":[{"embeddable":true,"href":"https:\/\/verpatec.ch\/en\/wp-json\/wp\/v2\/media\/20412"}],"wp:attachment":[{"href":"https:\/\/verpatec.ch\/en\/wp-json\/wp\/v2\/media?parent=20236"}],"wp:term":[{"taxonomy":"product_brand","embeddable":true,"href":"https:\/\/verpatec.ch\/en\/wp-json\/wp\/v2\/product_brand?post=20236"},{"taxonomy":"product_cat","embeddable":true,"href":"https:\/\/verpatec.ch\/en\/wp-json\/wp\/v2\/product_cat?post=20236"},{"taxonomy":"product_tag","embeddable":true,"href":"https:\/\/verpatec.ch\/en\/wp-json\/wp\/v2\/product_tag?post=20236"}],"curies":[{"name":"wp","href":"https:\/\/api.w.org\/{rel}","templated":true}]}}