{"id":18371,"date":"2023-09-30T12:46:02","date_gmt":"2023-09-30T10:46:02","guid":{"rendered":"https:\/\/verpatec.ch\/produkt\/k470-im550x550x380-mm\/"},"modified":"2025-04-22T09:46:19","modified_gmt":"2025-04-22T07:46:19","slug":"k470-im550x550x380-mm","status":"publish","type":"product","link":"https:\/\/verpatec.ch\/en\/product\/k470-im550x550x380-mm\/","title":{"rendered":"Zarges K470 IM:550x550x380 mm 40859"},"content":{"rendered":"","protected":false},"excerpt":{"rendered":"<p>Produktbeschreibung:<\/p>\n<p>Dieser ger\u00e4umige Aluminiumbeh\u00e4lter (600 x 600 x 410 mm) bietet 115 l Volumen und zuverl\u00e4ssigen Schutz durch gesch\u00e4umte Deckeldichtung und stabile Stapelecken. Ausgestattet mit ergonomischen Federfallgriffen und langlebigen Comfortverschl\u00fcssen, ideal f\u00fcr sicheren Transport. Garantie 10 Jahre.<\/p>\n<p>Produkteigenschaften:<\/p>\n<p>Au\u00dfenma\u00df (LxBxH): 600 x 600 x 410 mm<br \/>Volumen: 115 l<br \/>Gewicht: 6,6 kg<br \/>Material: Aluminium<br \/>Griffe: Federfallgriffe<br \/>Garantie: 10 Jahre<\/p>\n","protected":false},"featured_media":12506,"comment_status":"open","ping_status":"closed","template":"","meta":{"inline_featured_image":false},"product_brand":[],"product_cat":[77],"product_tag":[],"class_list":{"0":"post-18371","1":"product","2":"type-product","3":"status-publish","4":"has-post-thumbnail","6":"product_cat-aluminum-container","7":"product_shipping_class-postpaket-2-en","8":"pa_abschliessbar-no-not-lockable","9":"pa_marke-verpatec-en","10":"pa_schaumstoff-without-foam-en-2","11":"post-wrapper","13":"first","14":"instock","15":"taxable","16":"shipping-taxable","17":"purchasable","18":"product-type-simple"},"_links":{"self":[{"href":"https:\/\/verpatec.ch\/en\/wp-json\/wp\/v2\/product\/18371","targetHints":{"allow":["GET"]}}],"collection":[{"href":"https:\/\/verpatec.ch\/en\/wp-json\/wp\/v2\/product"}],"about":[{"href":"https:\/\/verpatec.ch\/en\/wp-json\/wp\/v2\/types\/product"}],"replies":[{"embeddable":true,"href":"https:\/\/verpatec.ch\/en\/wp-json\/wp\/v2\/comments?post=18371"}],"wp:featuredmedia":[{"embeddable":true,"href":"https:\/\/verpatec.ch\/en\/wp-json\/wp\/v2\/media\/12506"}],"wp:attachment":[{"href":"https:\/\/verpatec.ch\/en\/wp-json\/wp\/v2\/media?parent=18371"}],"wp:term":[{"taxonomy":"product_brand","embeddable":true,"href":"https:\/\/verpatec.ch\/en\/wp-json\/wp\/v2\/product_brand?post=18371"},{"taxonomy":"product_cat","embeddable":true,"href":"https:\/\/verpatec.ch\/en\/wp-json\/wp\/v2\/product_cat?post=18371"},{"taxonomy":"product_tag","embeddable":true,"href":"https:\/\/verpatec.ch\/en\/wp-json\/wp\/v2\/product_tag?post=18371"}],"curies":[{"name":"wp","href":"https:\/\/api.w.org\/{rel}","templated":true}]}}