{"id":14111,"date":"2022-06-28T10:45:53","date_gmt":"2022-06-28T08:45:53","guid":{"rendered":"https:\/\/verpatec.ch\/produkt\/plaston-b2-schwarz\/"},"modified":"2025-01-06T11:15:21","modified_gmt":"2025-01-06T10:15:21","slug":"plaston-b2-schwarz","status":"publish","type":"product","link":"https:\/\/verpatec.ch\/en\/product\/plaston-b2-schwarz\/","title":{"rendered":"Plaston B2 schwarz"},"content":{"rendered":"<p><strong>Standardm\u00e4ssige Qualit\u00e4tskoffer aus Kunststoff<\/strong><br \/>\nDie Standardkoffer der Marke Plaston sind langlebig und robust. Sie werden aus hochwertigen Materialien hergestellt und sorgf\u00e4ltig verarbeitet.<\/p>\n<p><strong>Individuell gestaltbar\u00a0<\/strong><br \/>\nDie Verschl\u00fcsse sind auf Anfrage in verschiedenen Farben erh\u00e4ltlich. Auf Wunsch realisiert die AVT Verpatec AG auch Innenschaumeinrichtungen, Tiefzieheins\u00e4tze oder Abdeckplatten. Die individuell gestaltbaren Eins\u00e4tze betten den Inhalt passgenau ein.<\/p>\n<p><strong><a href=\"https:\/\/verpatec.ch\/en\/product-category\/plastic-cases\/plaston-b-series\/\">\u00dcbersicht Farben und Anfrage\u00a0<\/a><\/strong><\/p>\n","protected":false},"excerpt":{"rendered":"<p>Plaston B2, schwarz, Innenmasse 220x145x60mm.<\/p>\n","protected":false},"featured_media":6837,"comment_status":"open","ping_status":"closed","template":"","meta":{"inline_featured_image":false},"product_brand":[],"product_cat":[105,182],"product_tag":[],"class_list":{"0":"post-14111","1":"product","2":"type-product","3":"status-publish","4":"has-post-thumbnail","6":"product_cat-plastic-cases","7":"product_cat-plaston-b-series","8":"product_shipping_class-postal-parcel-1","9":"pa_marke-plaston-en","10":"post-wrapper","12":"first","13":"instock","14":"taxable","15":"shipping-taxable","16":"purchasable","17":"product-type-simple"},"_links":{"self":[{"href":"https:\/\/verpatec.ch\/en\/wp-json\/wp\/v2\/product\/14111","targetHints":{"allow":["GET"]}}],"collection":[{"href":"https:\/\/verpatec.ch\/en\/wp-json\/wp\/v2\/product"}],"about":[{"href":"https:\/\/verpatec.ch\/en\/wp-json\/wp\/v2\/types\/product"}],"replies":[{"embeddable":true,"href":"https:\/\/verpatec.ch\/en\/wp-json\/wp\/v2\/comments?post=14111"}],"wp:featuredmedia":[{"embeddable":true,"href":"https:\/\/verpatec.ch\/en\/wp-json\/wp\/v2\/media\/6837"}],"wp:attachment":[{"href":"https:\/\/verpatec.ch\/en\/wp-json\/wp\/v2\/media?parent=14111"}],"wp:term":[{"taxonomy":"product_brand","embeddable":true,"href":"https:\/\/verpatec.ch\/en\/wp-json\/wp\/v2\/product_brand?post=14111"},{"taxonomy":"product_cat","embeddable":true,"href":"https:\/\/verpatec.ch\/en\/wp-json\/wp\/v2\/product_cat?post=14111"},{"taxonomy":"product_tag","embeddable":true,"href":"https:\/\/verpatec.ch\/en\/wp-json\/wp\/v2\/product_tag?post=14111"}],"curies":[{"name":"wp","href":"https:\/\/api.w.org\/{rel}","templated":true}]}}